{"id":146,"date":"2024-01-16T15:19:31","date_gmt":"2024-01-16T15:19:31","guid":{"rendered":"http:\/\/www.effectplus.pl\/?page_id=146"},"modified":"2024-07-22T12:38:37","modified_gmt":"2024-07-22T12:38:37","slug":"effect-plus","status":"publish","type":"page","link":"https:\/\/www.effectplus.pl\/","title":{"rendered":"Effect Plus"},"content":{"rendered":"\n<p><strong>Tylko jedno spotkanie, a tak wiele mo\u017cliwo\u015bci!<\/strong><br>Witaj na mojej stronie, jestem agentem finansowym z bogatym do\u015bwiadczeniem i du\u017c\u0105 wiedz\u0105 z kt\u00f3r\u0105 chc\u0119 si\u0119 z Tob\u0105 podzieli\u0107. Je\u015bli wi\u0119c szukasz kredytu, kt\u00f3ry spe\u0142nia nie tylko Twoje oczekiwania finansowe zapoznaj si\u0119 z moj\u0105 ofert\u0105. To nic nie kosztuje, a tak wiele jest do zyskania! Wsp\u00f3\u0142pracuj\u0119 m.in. z najwi\u0119kszymi Bankami, mam uprawnienia potwierdzone przez Komisj\u0119 Nadzoru Finansowego, gwarantuj\u0119 bezpiecze\u0144stwo i poufno\u015b\u0107 transakcji. Dzia\u0142am na terenie \u015bl\u0105ska.<\/p>\n\n\n\n<p><\/p>\n\n\n\n<figure class=\"wp-block-image size-large\"><img loading=\"lazy\" decoding=\"async\" width=\"854\" height=\"1024\" src=\"https:\/\/www.effectplus.pl\/wp-content\/uploads\/2024\/07\/IMG_0877-854x1024.jpg\" alt=\"\" class=\"wp-image-221\" srcset=\"https:\/\/www.effectplus.pl\/wp-content\/uploads\/2024\/07\/IMG_0877-854x1024.jpg 854w, https:\/\/www.effectplus.pl\/wp-content\/uploads\/2024\/07\/IMG_0877-250x300.jpg 250w, https:\/\/www.effectplus.pl\/wp-content\/uploads\/2024\/07\/IMG_0877-768x920.jpg 768w, https:\/\/www.effectplus.pl\/wp-content\/uploads\/2024\/07\/IMG_0877-1282x1536.jpg 1282w, https:\/\/www.effectplus.pl\/wp-content\/uploads\/2024\/07\/IMG_0877-1709x2048.jpg 1709w\" sizes=\"(max-width: 706px) 89vw, (max-width: 767px) 82vw, 740px\" \/><\/figure>\n","protected":false},"excerpt":{"rendered":"<p>Tylko jedno spotkanie, a tak wiele mo\u017cliwo\u015bci!Witaj na mojej stronie, jestem agentem finansowym z bogatym do\u015bwiadczeniem i du\u017c\u0105 wiedz\u0105 z kt\u00f3r\u0105 chc\u0119 si\u0119 z Tob\u0105 podzieli\u0107. Je\u015bli wi\u0119c szukasz kredytu, kt\u00f3ry spe\u0142nia nie tylko Twoje oczekiwania finansowe zapoznaj si\u0119 z moj\u0105 ofert\u0105. To nic nie kosztuje, a tak wiele jest do zyskania! Wsp\u00f3\u0142pracuj\u0119 m.in. z &hellip; <\/p>\n<p class=\"link-more\"><a href=\"https:\/\/www.effectplus.pl\/\" class=\"more-link\">Czytaj dalej<span class=\"screen-reader-text\"> \u201eEffect Plus\u201d<\/span><\/a><\/p>\n","protected":false},"author":1,"featured_media":0,"parent":0,"menu_order":0,"comment_status":"closed","ping_status":"closed","template":"","meta":{"footnotes":""},"_links":{"self":[{"href":"https:\/\/www.effectplus.pl\/index.php\/wp-json\/wp\/v2\/pages\/146"}],"collection":[{"href":"https:\/\/www.effectplus.pl\/index.php\/wp-json\/wp\/v2\/pages"}],"about":[{"href":"https:\/\/www.effectplus.pl\/index.php\/wp-json\/wp\/v2\/types\/page"}],"author":[{"embeddable":true,"href":"https:\/\/www.effectplus.pl\/index.php\/wp-json\/wp\/v2\/users\/1"}],"replies":[{"embeddable":true,"href":"https:\/\/www.effectplus.pl\/index.php\/wp-json\/wp\/v2\/comments?post=146"}],"version-history":[{"count":10,"href":"https:\/\/www.effectplus.pl\/index.php\/wp-json\/wp\/v2\/pages\/146\/revisions"}],"predecessor-version":[{"id":223,"href":"https:\/\/www.effectplus.pl\/index.php\/wp-json\/wp\/v2\/pages\/146\/revisions\/223"}],"wp:attachment":[{"href":"https:\/\/www.effectplus.pl\/index.php\/wp-json\/wp\/v2\/media?parent=146"}],"curies":[{"name":"wp","href":"https:\/\/api.w.org\/{rel}","templated":true}]}}