{"id":32,"date":"2024-01-13T17:43:30","date_gmt":"2024-01-13T17:43:30","guid":{"rendered":"http:\/\/www.effectplus.pl\/?page_id=32"},"modified":"2024-03-18T13:26:33","modified_gmt":"2024-03-18T13:26:33","slug":"kontakt","status":"publish","type":"page","link":"https:\/\/www.effectplus.pl\/index.php\/kontakt\/","title":{"rendered":"Kontakt"},"content":{"rendered":"\n<p>W celu um\u00f3wienia darmowego spotkania prosz\u0119 o kontakt.<\/p>\n\n\n<div class=\"forminator-ui forminator-custom-form forminator-custom-form-170 forminator-design--default  forminator_ajax\" data-forminator-render=\"0\" data-form=\"forminator-module-170\" data-uid=\"69e2516bb741a\"><br\/><\/div><form\n\t\t\t\tid=\"forminator-module-170\"\n\t\t\t\tclass=\"forminator-ui forminator-custom-form forminator-custom-form-170 forminator-design--default  forminator_ajax\"\n\t\t\t\tmethod=\"post\"\n\t\t\t\tdata-forminator-render=\"0\"\n\t\t\t\tdata-form-id=\"170\"\n\t\t\t\t\n\t\t\t\tdata-design=\"default\"\n\t\t\t\t\n\t\t\t\t\n\t\t\t\t\n\t\t\t\tdata-grid=\"open\"\n\t\t\t\t\n\t\t\t\t\n\t\t\t\tstyle=\"display: none;\"\n\t\t\t\t\n\t\t\t\tdata-uid=\"69e2516bb741a\"\n\t\t\t><div role=\"alert\" aria-live=\"polite\" class=\"forminator-response-message forminator-error\" aria-hidden=\"true\"><\/div><div class=\"forminator-row\"><div id=\"name-1\" class=\"forminator-field-name forminator-col forminator-col-12 \"><div class=\"forminator-field\"><label for=\"forminator-field-name-1_69e2516bb741a\" id=\"forminator-field-name-1_69e2516bb741a-label\" class=\"forminator-label\">Imi\u0119 <span class=\"forminator-required\">*<\/span><\/label><input type=\"text\" name=\"name-1\" value=\"\" placeholder=\"Na przyk\u0142ad: Jan\" id=\"forminator-field-name-1_69e2516bb741a\" class=\"forminator-input forminator-name--field\" aria-required=\"true\" \/><\/div><\/div><\/div><div class=\"forminator-row\"><div id=\"email-1\" class=\"forminator-field-email forminator-col forminator-col-12 \"><div class=\"forminator-field\"><label for=\"forminator-field-email-1_69e2516bb741a\" id=\"forminator-field-email-1_69e2516bb741a-label\" class=\"forminator-label\">Adres e-mail <span class=\"forminator-required\">*<\/span><\/label><input type=\"email\" name=\"email-1\" value=\"\" placeholder=\"Na przyk\u0142ad: jan@kowalski.com\" id=\"forminator-field-email-1_69e2516bb741a\" class=\"forminator-input forminator-email--field\" data-required=\"true\" aria-required=\"true\" \/><\/div><\/div><\/div><div class=\"forminator-row\"><div id=\"phone-1\" class=\"forminator-field-phone forminator-col forminator-col-12 \"><div class=\"forminator-field\"><label for=\"forminator-field-phone-1_69e2516bb741a\" id=\"forminator-field-phone-1_69e2516bb741a-label\" class=\"forminator-label\">Numer telefonu<\/label><input type=\"text\" name=\"phone-1\" value=\"\" placeholder=\"Przyk\u0142ad. +48 100 200 300\" id=\"forminator-field-phone-1_69e2516bb741a\" class=\"forminator-input forminator-field--phone\" data-required=\"\" aria-required=\"false\" autocomplete=\"off\" \/><\/div><\/div><\/div><div class=\"forminator-row\"><div id=\"textarea-1\" class=\"forminator-field-textarea forminator-col forminator-col-12 \"><div class=\"forminator-field\"><label for=\"forminator-field-textarea-1_69e2516bb741a\" id=\"forminator-field-textarea-1_69e2516bb741a-label\" class=\"forminator-label\">Wiadomo\u015b\u0107<\/label><textarea name=\"textarea-1\" placeholder=\"Wpisz swoj\u0105 wiadomo\u015b\u0107...\" id=\"forminator-field-textarea-1_69e2516bb741a\" class=\"forminator-textarea\" rows=\"6\" style=\"min-height:140px;\" maxlength=\"180\" ><\/textarea><span id=\"forminator-field-textarea-1_69e2516bb741a-description\" class=\"forminator-description\"><span data-limit=\"180\" data-type=\"characters\" data-editor=\"\">0 \/ 180<\/span><\/span><\/div><\/div><\/div><input type=\"hidden\" name=\"referer_url\" value=\"\" \/><div class=\"forminator-row forminator-row-last\"><div class=\"forminator-col\"><div class=\"forminator-field\"><button class=\"forminator-button forminator-button-submit\">Wy\u015blij wiadomo\u015b\u0107<\/button><\/div><\/div><\/div><input type=\"hidden\" id=\"forminator_nonce\" name=\"forminator_nonce\" value=\"704fe18304\" \/><input type=\"hidden\" name=\"_wp_http_referer\" value=\"\/index.php\/wp-json\/wp\/v2\/pages\/32\" \/><input type=\"hidden\" name=\"form_id\" value=\"170\"><input type=\"hidden\" name=\"page_id\" value=\"32\"><input type=\"hidden\" name=\"form_type\" value=\"default\"><input type=\"hidden\" name=\"current_url\" value=\"https:\/\/www.effectplus.pl\/index.php\/kontakt\/\"><input type=\"hidden\" name=\"render_id\" value=\"0\"><input type=\"hidden\" name=\"action\" value=\"forminator_submit_form_custom-forms\"><label for=\"input_5\" class=\"forminator-hidden\" aria-hidden=\"true\">Prosz\u0119 nie wype\u0142nia\u0107 tego pola. <input id=\"input_5\" type=\"text\" name=\"input_5\" value=\"\" autocomplete=\"off\"><\/label><\/form>\n\n\n\n<figure class=\"wp-block-image size-large\"><img loading=\"lazy\" decoding=\"async\" width=\"1024\" height=\"726\" src=\"http:\/\/www.effectplus.pl\/wp-content\/uploads\/2024\/01\/telephone-612061_1280-1024x726.jpg\" alt=\"\" class=\"wp-image-177\" srcset=\"https:\/\/www.effectplus.pl\/wp-content\/uploads\/2024\/01\/telephone-612061_1280-1024x726.jpg 1024w, https:\/\/www.effectplus.pl\/wp-content\/uploads\/2024\/01\/telephone-612061_1280-300x213.jpg 300w, https:\/\/www.effectplus.pl\/wp-content\/uploads\/2024\/01\/telephone-612061_1280-768x544.jpg 768w, https:\/\/www.effectplus.pl\/wp-content\/uploads\/2024\/01\/telephone-612061_1280.jpg 1280w\" sizes=\"(max-width: 706px) 89vw, (max-width: 767px) 82vw, 740px\" \/><\/figure>\n","protected":false},"excerpt":{"rendered":"<p>W celu um\u00f3wienia darmowego spotkania prosz\u0119 o kontakt.<\/p>\n","protected":false},"author":1,"featured_media":0,"parent":0,"menu_order":0,"comment_status":"closed","ping_status":"closed","template":"","meta":{"footnotes":""},"_links":{"self":[{"href":"https:\/\/www.effectplus.pl\/index.php\/wp-json\/wp\/v2\/pages\/32"}],"collection":[{"href":"https:\/\/www.effectplus.pl\/index.php\/wp-json\/wp\/v2\/pages"}],"about":[{"href":"https:\/\/www.effectplus.pl\/index.php\/wp-json\/wp\/v2\/types\/page"}],"author":[{"embeddable":true,"href":"https:\/\/www.effectplus.pl\/index.php\/wp-json\/wp\/v2\/users\/1"}],"replies":[{"embeddable":true,"href":"https:\/\/www.effectplus.pl\/index.php\/wp-json\/wp\/v2\/comments?post=32"}],"version-history":[{"count":10,"href":"https:\/\/www.effectplus.pl\/index.php\/wp-json\/wp\/v2\/pages\/32\/revisions"}],"predecessor-version":[{"id":211,"href":"https:\/\/www.effectplus.pl\/index.php\/wp-json\/wp\/v2\/pages\/32\/revisions\/211"}],"wp:attachment":[{"href":"https:\/\/www.effectplus.pl\/index.php\/wp-json\/wp\/v2\/media?parent=32"}],"curies":[{"name":"wp","href":"https:\/\/api.w.org\/{rel}","templated":true}]}}