{"id":62,"date":"2024-01-14T16:45:51","date_gmt":"2024-01-14T16:45:51","guid":{"rendered":"http:\/\/www.effectplus.pl\/?page_id=62"},"modified":"2024-07-22T12:30:17","modified_gmt":"2024-07-22T12:30:17","slug":"o-mnie","status":"publish","type":"page","link":"https:\/\/www.effectplus.pl\/index.php\/o-mnie\/","title":{"rendered":"O mnie"},"content":{"rendered":"<div class=\"wp-block-image is-resized is-style-rounded\">\n<figure class=\"aligncenter size-large\"><img loading=\"lazy\" decoding=\"async\" width=\"833\" height=\"1024\" src=\"https:\/\/www.effectplus.pl\/wp-content\/uploads\/2024\/07\/IMG_0919-833x1024.jpg\" alt=\"\" class=\"wp-image-218\" style=\"width:185px;height:auto\" srcset=\"https:\/\/www.effectplus.pl\/wp-content\/uploads\/2024\/07\/IMG_0919-833x1024.jpg 833w, https:\/\/www.effectplus.pl\/wp-content\/uploads\/2024\/07\/IMG_0919-244x300.jpg 244w, https:\/\/www.effectplus.pl\/wp-content\/uploads\/2024\/07\/IMG_0919-768x944.jpg 768w, https:\/\/www.effectplus.pl\/wp-content\/uploads\/2024\/07\/IMG_0919-1250x1536.jpg 1250w, https:\/\/www.effectplus.pl\/wp-content\/uploads\/2024\/07\/IMG_0919-1666x2048.jpg 1666w\" sizes=\"(max-width: 706px) 89vw, (max-width: 767px) 82vw, 740px\" \/><\/figure><\/div>\n\n\n<blockquote class=\"wp-block-quote has-text-align-center is-style-large\">\n<p><sub>\u201eTwoje \u017cycie staje si\u0119 lepsze nie przez przypadek, ale dzi\u0119ki zmianie\u201d.<\/sub><\/p>\n<cite><strong><a href=\"https:\/\/pl.wikipedia.org\/wiki\/Jim_Rohn\">Jim Rohn<\/a><\/strong>&nbsp;(1930\u20132009) \u2013 ameryka\u0144ski przedsi\u0119biorca i pisar<em>z<\/em><\/cite><\/blockquote>\n\n\n\n<div class=\"wp-block-group alignfull has-mono-4-background-color has-background is-layout-constrained wp-block-group-is-layout-constrained\" style=\"margin-top:0;margin-bottom:0;padding-top:var(--wp--preset--spacing--superbspacing-large);padding-right:var(--wp--preset--spacing--superbspacing-small);padding-bottom:var(--wp--preset--spacing--superbspacing-large);padding-left:var(--wp--preset--spacing--superbspacing-small)\"><div class=\"wp-block-group__inner-container\">\n<h2 class=\"wp-block-heading\">W bran\u017cy bankowej od 2006 roku.<\/h2>\n<\/div><\/div>\n\n\n\n<hr class=\"wp-block-separator has-css-opacity is-style-default\"\/>\n\n\n\n<p class=\"has-text-align-left has-secondary-color has-text-color has-superbfont-small-font-size\">Doradc\u0105 finansowym zosta\u0142em w 2013 roku pracuj\u0105c w Open Finance, ale ju\u017c w 2006 zdobywa\u0142em pierwsze do\u015bwiadczenie pracuj\u0105c dla banku Millennium. \u0141\u0105cznie pracowa\u0142em w 3 r\u00f3\u017cnych bankach poznaj\u0105c produkty ubezpieczeniowe, inwestycyjne i oczywi\u015bcie kredytowe. Obecnie ca\u0142\u0105 zdobyt\u0105 wiedz\u0119 wykorzystuj\u0119 z sukcesem przy wyborze najlepszych rozwi\u0105za\u0144 dla klienta. Pami\u0119taj! Mnie zale\u017cy na optymalnym rozwi\u0105zaniu z punktu widzenia Twoich oczekiwa\u0144, nie oczekiwa\u0144 banku! Spotkajmy si\u0119, tam gdzie chcesz, tam gdzie Tobie jest wygodnie. Poznaj ofert\u0119 wielu bank\u00f3w na jednym spotkaniu, ca\u0142kowicie za darmo.<\/p>\n","protected":false},"excerpt":{"rendered":"<p>\u201eTwoje \u017cycie staje si\u0119 lepsze nie przez przypadek, ale dzi\u0119ki zmianie\u201d. Jim Rohn&nbsp;(1930\u20132009) \u2013 ameryka\u0144ski przedsi\u0119biorca i pisarz W bran\u017cy bankowej od 2006 roku. Doradc\u0105 finansowym zosta\u0142em w 2013 roku pracuj\u0105c w Open Finance, ale ju\u017c w 2006 zdobywa\u0142em pierwsze do\u015bwiadczenie pracuj\u0105c dla banku Millennium. \u0141\u0105cznie pracowa\u0142em w 3 r\u00f3\u017cnych bankach poznaj\u0105c produkty ubezpieczeniowe, inwestycyjne &hellip; <\/p>\n<p class=\"link-more\"><a href=\"https:\/\/www.effectplus.pl\/index.php\/o-mnie\/\" class=\"more-link\">Czytaj dalej<span class=\"screen-reader-text\"> \u201eO mnie\u201d<\/span><\/a><\/p>\n","protected":false},"author":1,"featured_media":0,"parent":0,"menu_order":0,"comment_status":"closed","ping_status":"closed","template":"","meta":{"footnotes":""},"_links":{"self":[{"href":"https:\/\/www.effectplus.pl\/index.php\/wp-json\/wp\/v2\/pages\/62"}],"collection":[{"href":"https:\/\/www.effectplus.pl\/index.php\/wp-json\/wp\/v2\/pages"}],"about":[{"href":"https:\/\/www.effectplus.pl\/index.php\/wp-json\/wp\/v2\/types\/page"}],"author":[{"embeddable":true,"href":"https:\/\/www.effectplus.pl\/index.php\/wp-json\/wp\/v2\/users\/1"}],"replies":[{"embeddable":true,"href":"https:\/\/www.effectplus.pl\/index.php\/wp-json\/wp\/v2\/comments?post=62"}],"version-history":[{"count":15,"href":"https:\/\/www.effectplus.pl\/index.php\/wp-json\/wp\/v2\/pages\/62\/revisions"}],"predecessor-version":[{"id":219,"href":"https:\/\/www.effectplus.pl\/index.php\/wp-json\/wp\/v2\/pages\/62\/revisions\/219"}],"wp:attachment":[{"href":"https:\/\/www.effectplus.pl\/index.php\/wp-json\/wp\/v2\/media?parent=62"}],"curies":[{"name":"wp","href":"https:\/\/api.w.org\/{rel}","templated":true}]}}