{"id":72,"date":"2024-01-14T17:02:40","date_gmt":"2024-01-14T17:02:40","guid":{"rendered":"http:\/\/www.effectplus.pl\/?page_id=72"},"modified":"2024-01-31T13:46:24","modified_gmt":"2024-01-31T13:46:24","slug":"oferta","status":"publish","type":"page","link":"https:\/\/www.effectplus.pl\/index.php\/oferta\/","title":{"rendered":"Oferta"},"content":{"rendered":"\n<div class=\"wp-block-group alignfull has-mono-4-background-color has-background is-layout-constrained wp-block-group-is-layout-constrained\" style=\"margin-top:0;margin-bottom:0;padding-top:var(--wp--preset--spacing--superbspacing-large);padding-right:var(--wp--preset--spacing--superbspacing-small);padding-bottom:var(--wp--preset--spacing--superbspacing-large);padding-left:var(--wp--preset--spacing--superbspacing-small)\"><div class=\"wp-block-group__inner-container\">\n<p>Pomagam w doborze optymalnej oferty kredytu hipotecznego, konsolidacyjnego lub kredytowego. Przekonaj si\u0119 jak mo\u017ce wygl\u0105da\u0107 Twoja oferta, kt\u00f3r\u0105 wybierzesz sam! Poznaj wszystkie opcje i mo\u017cliwo\u015bci!<\/p>\n\n\n\n<p>Wystarczy godzina, je\u015bli chcesz to wi\u0119cej. Poznasz swoj\u0105 zdolno\u015b\u0107 kredytow\u0105, zobaczysz najlepsz\u0105 ofert\u0119 kredytu Twojego banku i por\u00f3wnasz j\u0105 z konkurencj\u0105. Wyja\u015bni\u0119 i poka\u017c\u0119 wszystkie gwiazdeczki i &#8222;drobny druk&#8221; oferty. Optymalna i specjalnie wynegocjowana oferta b\u0119dzie idealnie dopasowana do Twoich potrzeb i mo\u017cliwo\u015bci.<br><br>Podsumowanie spotkania otrzymasz za darmo w formie elektronicznej.<\/p>\n<\/div><\/div>\n\n\n\n<p>Poni\u017cej przyk\u0142ad symulacji i por\u00f3wnania kilku ofert bankowych.<\/p>\n\n\n\n<div class=\"wp-block-file\"><a id=\"wp-block-file--media-5432f675-094b-4505-94fd-def4471afc20\" href=\"http:\/\/www.effectplus.pl\/wp-content\/uploads\/2024\/01\/symulacja_przyklad-1.pdf\" target=\"_blank\" rel=\"noreferrer noopener\">Przyk\u0142ad Symulacji<\/a><a href=\"http:\/\/www.effectplus.pl\/wp-content\/uploads\/2024\/01\/symulacja_przyklad-1.pdf\" class=\"wp-block-file__button wp-element-button\" download aria-describedby=\"wp-block-file--media-5432f675-094b-4505-94fd-def4471afc20\">Pobierz<\/a><\/div>\n\n\n\n<figure class=\"wp-block-image size-large\"><img loading=\"lazy\" decoding=\"async\" width=\"1024\" height=\"682\" src=\"http:\/\/www.effectplus.pl\/wp-content\/uploads\/2024\/01\/hand-3889288_1280-1024x682.jpg\" alt=\"\" class=\"wp-image-180\" srcset=\"https:\/\/www.effectplus.pl\/wp-content\/uploads\/2024\/01\/hand-3889288_1280-1024x682.jpg 1024w, https:\/\/www.effectplus.pl\/wp-content\/uploads\/2024\/01\/hand-3889288_1280-300x200.jpg 300w, https:\/\/www.effectplus.pl\/wp-content\/uploads\/2024\/01\/hand-3889288_1280-768x512.jpg 768w, https:\/\/www.effectplus.pl\/wp-content\/uploads\/2024\/01\/hand-3889288_1280.jpg 1280w\" sizes=\"(max-width: 706px) 89vw, (max-width: 767px) 82vw, 740px\" \/><\/figure>\n","protected":false},"excerpt":{"rendered":"<p>Pomagam w doborze optymalnej oferty kredytu hipotecznego, konsolidacyjnego lub kredytowego. Przekonaj si\u0119 jak mo\u017ce wygl\u0105da\u0107 Twoja oferta, kt\u00f3r\u0105 wybierzesz sam! Poznaj wszystkie opcje i mo\u017cliwo\u015bci! Wystarczy godzina, je\u015bli chcesz to wi\u0119cej. Poznasz swoj\u0105 zdolno\u015b\u0107 kredytow\u0105, zobaczysz najlepsz\u0105 ofert\u0119 kredytu Twojego banku i por\u00f3wnasz j\u0105 z konkurencj\u0105. Wyja\u015bni\u0119 i poka\u017c\u0119 wszystkie gwiazdeczki i &#8222;drobny druk&#8221; oferty. &hellip; <\/p>\n<p class=\"link-more\"><a href=\"https:\/\/www.effectplus.pl\/index.php\/oferta\/\" class=\"more-link\">Czytaj dalej<span class=\"screen-reader-text\"> \u201eOferta\u201d<\/span><\/a><\/p>\n","protected":false},"author":1,"featured_media":0,"parent":0,"menu_order":0,"comment_status":"closed","ping_status":"closed","template":"","meta":{"footnotes":""},"_links":{"self":[{"href":"https:\/\/www.effectplus.pl\/index.php\/wp-json\/wp\/v2\/pages\/72"}],"collection":[{"href":"https:\/\/www.effectplus.pl\/index.php\/wp-json\/wp\/v2\/pages"}],"about":[{"href":"https:\/\/www.effectplus.pl\/index.php\/wp-json\/wp\/v2\/types\/page"}],"author":[{"embeddable":true,"href":"https:\/\/www.effectplus.pl\/index.php\/wp-json\/wp\/v2\/users\/1"}],"replies":[{"embeddable":true,"href":"https:\/\/www.effectplus.pl\/index.php\/wp-json\/wp\/v2\/comments?post=72"}],"version-history":[{"count":9,"href":"https:\/\/www.effectplus.pl\/index.php\/wp-json\/wp\/v2\/pages\/72\/revisions"}],"predecessor-version":[{"id":208,"href":"https:\/\/www.effectplus.pl\/index.php\/wp-json\/wp\/v2\/pages\/72\/revisions\/208"}],"wp:attachment":[{"href":"https:\/\/www.effectplus.pl\/index.php\/wp-json\/wp\/v2\/media?parent=72"}],"curies":[{"name":"wp","href":"https:\/\/api.w.org\/{rel}","templated":true}]}}