{"id":80,"date":"2024-01-14T17:21:01","date_gmt":"2024-01-14T17:21:01","guid":{"rendered":"http:\/\/www.effectplus.pl\/?page_id=80"},"modified":"2024-01-31T13:42:56","modified_gmt":"2024-01-31T13:42:56","slug":"kredyty","status":"publish","type":"page","link":"https:\/\/www.effectplus.pl\/index.php\/kredyty\/","title":{"rendered":"Zobacz jakie to proste&#8230;"},"content":{"rendered":"\n<h2 class=\"wp-block-heading\" style=\"font-size:38px;line-height:1.4\">Por\u00f3wnaj wiele ofert kredytowych w jednym miejscu i wybierz najlepsz\u0105!<\/h2>\n\n\n\n<div class=\"wp-block-columns is-layout-flex wp-container-core-columns-layout-1 wp-block-columns-is-layout-flex\">\n<div class=\"wp-block-column is-layout-flow wp-block-column-is-layout-flow\">\n<p>Chwy\u0107 los w swoje r\u0119ce&#8230;<\/p>\n\n\n\n<p class=\"has-text-align-left has-mono-1-color has-text-color has-superbfont-xsmall-font-size\">Mo\u017cesz i\u015b\u0107 do swojego Banku i zrobi\u0107 to co doradzi Ci jego pracownik, ale mo\u017cesz te\u017c sam zdecydowa\u0107 jak b\u0119dzie wygl\u0105da\u0107 Twoja oferta kredytowa, co wybierasz?<\/p>\n\n\n\n<p>Tak niewiele dzieli Ci\u0119 od oferty idealnej, takiej kt\u00f3r\u0105 sam chcia\u0142bym otrzyma\u0107, wystarczy, \u017ce zadzwonisz i um\u00f3wisz si\u0119 na spotkanie. Gwarantuj\u0119 Ci \u017ce otrzymasz dok\u0142adnie to czego oczekujesz.<br><br>Wystarczy tylko jedno spotkanie, zobacz co zyskasz:<br><\/p>\n\n\n\n<p><\/p>\n\n\n\n<p><\/p>\n<\/div>\n\n\n\n<div class=\"wp-block-column is-layout-flow wp-block-column-is-layout-flow\">\n<ul>\n<li>poznasz proces kredytowy w wielu bankach,<\/li>\n\n\n\n<li>sprawdz\u0119 Twoj\u0105 zdolno\u015b\u0107 kredytow\u0105 oraz mo\u017cliwo\u015bci,<\/li>\n\n\n\n<li>por\u00f3wnasz ofert\u0119 w\u0142asnego banku na tle konkurencji,<\/li>\n\n\n\n<li>poznasz tajemnice dodatkowych produkt\u00f3w oferowanych w ramach ofert specjalnych,<\/li>\n\n\n\n<li>poznasz koszty kredytowe oraz pozosta\u0142e ( dotyczy kredyt\u00f3w hipotecznych ),<\/li>\n\n\n\n<li>doradz\u0119 Ci przy Tworzeniu kosztorysu remontu lub budowy domu ( dotyczy kredyt\u00f3w hipotecznych ),<\/li>\n\n\n\n<li>otrzymasz profesjonalne por\u00f3wnanie ofert w wersji papierowej lub elektronicznej<\/li>\n<\/ul>\n<\/div>\n<\/div>\n\n\n\n<p><strong>i jeszcze co\u015b wi\u0119cej&#8230;<br>Nigdy nie zapominam o moich klientach. Ci\u0105gle monitoruje rynek i szukam najlepszych rozwi\u0105za\u0144. Daj\u0119 Ci gwarancje, \u017ce dowiesz si\u0119 o ka\u017cdej promocji, kt\u00f3ra mo\u017ce przynie\u015b\u0107 Ci realne korzy\u015bci. Nawet je\u015bli Twoje wnioski s\u0105 aktualnie procesowane, nawet je\u015bli kredyt zosta\u0142 ju\u017c wyp\u0142acony!<\/strong><\/p>\n\n\n\n<figure class=\"wp-block-image size-large is-resized\"><img loading=\"lazy\" decoding=\"async\" width=\"1024\" height=\"682\" src=\"http:\/\/www.effectplus.pl\/wp-content\/uploads\/2024\/01\/key-2323278_1280-1024x682.jpg\" alt=\"\" class=\"wp-image-48\" style=\"width:674px;height:auto\" srcset=\"https:\/\/www.effectplus.pl\/wp-content\/uploads\/2024\/01\/key-2323278_1280-1024x682.jpg 1024w, https:\/\/www.effectplus.pl\/wp-content\/uploads\/2024\/01\/key-2323278_1280-300x200.jpg 300w, https:\/\/www.effectplus.pl\/wp-content\/uploads\/2024\/01\/key-2323278_1280-768x512.jpg 768w, https:\/\/www.effectplus.pl\/wp-content\/uploads\/2024\/01\/key-2323278_1280.jpg 1280w\" sizes=\"(max-width: 706px) 89vw, (max-width: 767px) 82vw, 740px\" \/><\/figure>\n","protected":false},"excerpt":{"rendered":"<p>Por\u00f3wnaj wiele ofert kredytowych w jednym miejscu i wybierz najlepsz\u0105! Chwy\u0107 los w swoje r\u0119ce&#8230; Mo\u017cesz i\u015b\u0107 do swojego Banku i zrobi\u0107 to co doradzi Ci jego pracownik, ale mo\u017cesz te\u017c sam zdecydowa\u0107 jak b\u0119dzie wygl\u0105da\u0107 Twoja oferta kredytowa, co wybierasz? Tak niewiele dzieli Ci\u0119 od oferty idealnej, takiej kt\u00f3r\u0105 sam chcia\u0142bym otrzyma\u0107, wystarczy, \u017ce &hellip; <\/p>\n<p class=\"link-more\"><a href=\"https:\/\/www.effectplus.pl\/index.php\/kredyty\/\" class=\"more-link\">Czytaj dalej<span class=\"screen-reader-text\"> \u201eZobacz jakie to proste&#8230;\u201d<\/span><\/a><\/p>\n","protected":false},"author":1,"featured_media":0,"parent":0,"menu_order":0,"comment_status":"closed","ping_status":"closed","template":"","meta":{"footnotes":""},"_links":{"self":[{"href":"https:\/\/www.effectplus.pl\/index.php\/wp-json\/wp\/v2\/pages\/80"}],"collection":[{"href":"https:\/\/www.effectplus.pl\/index.php\/wp-json\/wp\/v2\/pages"}],"about":[{"href":"https:\/\/www.effectplus.pl\/index.php\/wp-json\/wp\/v2\/types\/page"}],"author":[{"embeddable":true,"href":"https:\/\/www.effectplus.pl\/index.php\/wp-json\/wp\/v2\/users\/1"}],"replies":[{"embeddable":true,"href":"https:\/\/www.effectplus.pl\/index.php\/wp-json\/wp\/v2\/comments?post=80"}],"version-history":[{"count":19,"href":"https:\/\/www.effectplus.pl\/index.php\/wp-json\/wp\/v2\/pages\/80\/revisions"}],"predecessor-version":[{"id":205,"href":"https:\/\/www.effectplus.pl\/index.php\/wp-json\/wp\/v2\/pages\/80\/revisions\/205"}],"wp:attachment":[{"href":"https:\/\/www.effectplus.pl\/index.php\/wp-json\/wp\/v2\/media?parent=80"}],"curies":[{"name":"wp","href":"https:\/\/api.w.org\/{rel}","templated":true}]}}